{"id":267,"date":"2025-07-26T11:19:09","date_gmt":"2025-07-26T11:19:09","guid":{"rendered":"https:\/\/losbeyos.com\/?page_id=267"},"modified":"2025-08-05T18:35:12","modified_gmt":"2025-08-05T18:35:12","slug":"imagenes-antiguas","status":"publish","type":"page","link":"https:\/\/losbeyos.com\/index.php\/imagenes-antiguas\/","title":{"rendered":"Im\u00e1genes antiguas"},"content":{"rendered":"[et_pb_section fb_built=\u00bb1&#8243; admin_label=\u00bbHeader\u00bb _builder_version=\u00bb4.27.4&#8243; _module_preset=\u00bbdefault\u00bb use_background_color_gradient=\u00bbon\u00bb background_color_gradient_stops=\u00bbrgba(0,0,0,0.5) 0%|rgba(0,0,0,0.5) 100%\u00bb background_color_gradient_overlays_image=\u00bbon\u00bb background_image=\u00bbhttps:\/\/losbeyos.com\/wp-content\/uploads\/2025\/08\/Ponton-2-e1754118986819.jpg\u00bb custom_padding=\u00bb24vw||24vw||true|false\u00bb collapsed=\u00bbon\u00bb global_colors_info=\u00bb{}\u00bb][et_pb_row _builder_version=\u00bb4.20.0&#8243; _module_preset=\u00bbdefault\u00bb global_colors_info=\u00bb{}\u00bb][et_pb_column type=\u00bb4_4&#8243; _builder_version=\u00bb4.20.0&#8243; _module_preset=\u00bbdefault\u00bb global_colors_info=\u00bb{}\u00bb][et_pb_text _builder_version=\u00bb4.27.4&#8243; _module_preset=\u00bb8884f6f9-beb2-44b7-833a-4657871a9c96&#8243; header_4_text_color=\u00bb#FFFFFF\u00bb text_orientation=\u00bbcenter\u00bb global_colors_info=\u00bb{}\u00bb]\n<h4>Los Beyos del Sella<\/h4>\n[\/et_pb_text][et_pb_text _builder_version=\u00bb4.27.4&#8243; _module_preset=\u00bb6195ccd3-85bc-4bd4-8ae6-167b09655b75&#8243; header_text_color=\u00bb#FFFFFF\u00bb text_orientation=\u00bbcenter\u00bb global_colors_info=\u00bb{}\u00bb]\n<h1>Im\u00e1genes antiguas<\/h1>\n[\/et_pb_text][\/et_pb_column][\/et_pb_row][\/et_pb_section][et_pb_section fb_built=\u00bb1&#8243; _builder_version=\u00bb4.27.4&#8243; _module_preset=\u00bbdefault\u00bb global_colors_info=\u00bb{}\u00bb][et_pb_row _builder_version=\u00bb4.27.4&#8243; _module_preset=\u00bbdefault\u00bb global_colors_info=\u00bb{}\u00bb][et_pb_column type=\u00bb4_4&#8243; _builder_version=\u00bb4.27.4&#8243; _module_preset=\u00bbdefault\u00bb global_colors_info=\u00bb{}\u00bb][et_pb_text _builder_version=\u00bb4.27.4&#8243; _module_preset=\u00bb1af88f25-a8d8-42a2-8743-7c82728b3808&#8243; text_orientation=\u00bbcenter\u00bb global_colors_info=\u00bb{}\u00bb]\n<h2>Im\u00e1genes<\/h2>\n<p style=\"text-align: justify;\">Las im\u00e1genes que aparecen en estas galer\u00edas, halladas en ba\u00fales, cajones olvidados y \u00e1lbumes polvorientos, nos conectan con rostros y momentos que a\u00fan laten en la memoria. El acceso a la galer\u00eda es exclusivo para quienes poseen el libro <em data-start=\"432\" data-end=\"470\">Pisar y Nombrar Los Beyos del Sella (geograf\u00eda, toponimia y usos del suelo),<\/em> a trav\u00e9s del c\u00f3digo QR incluido en sus p\u00e1ginas.\u00a0<\/p>\n<p style=\"text-align: justify;\"><strong data-start=\"524\" data-end=\"533\">Nota:<\/strong> Todas las im\u00e1genes est\u00e1n protegidas por derechos de autor. Su reproducci\u00f3n o difusi\u00f3n no autorizada est\u00e1 prohibida y ser\u00e1 responsabilidad de quien la realice.<\/p>\n<p>&nbsp;<\/p>\n[\/et_pb_text][et_pb_filterable_portfolio fullwidth=\u00bboff\u00bb _builder_version=\u00bb4.27.4&#8243; _module_preset=\u00bbdefault\u00bb hover_enabled=\u00bb0&#8243; global_colors_info=\u00bb{}\u00bb sticky_enabled=\u00bb0&#8243;][\/et_pb_filterable_portfolio][\/et_pb_column][\/et_pb_row][\/et_pb_section]\n","protected":false},"excerpt":{"rendered":"<p>Los Beyos del SellaIm\u00e1genes antiguasIm\u00e1genes Las im\u00e1genes que aparecen en estas galer\u00edas, halladas en ba\u00fales, cajones olvidados y \u00e1lbumes polvorientos, nos conectan con rostros y momentos que a\u00fan laten en la memoria. El acceso a la galer\u00eda es exclusivo para quienes poseen el libro Pisar y Nombrar Los Beyos del Sella (geograf\u00eda, toponimia y usos [&hellip;]<\/p>\n","protected":false},"author":2,"featured_media":0,"parent":0,"menu_order":0,"comment_status":"closed","ping_status":"closed","template":"","meta":{"_et_pb_use_builder":"on","_et_pb_old_content":"","_et_gb_content_width":"","footnotes":""},"class_list":["post-267","page","type-page","status-publish","hentry"],"_links":{"self":[{"href":"https:\/\/losbeyos.com\/index.php\/wp-json\/wp\/v2\/pages\/267","targetHints":{"allow":["GET"]}}],"collection":[{"href":"https:\/\/losbeyos.com\/index.php\/wp-json\/wp\/v2\/pages"}],"about":[{"href":"https:\/\/losbeyos.com\/index.php\/wp-json\/wp\/v2\/types\/page"}],"author":[{"embeddable":true,"href":"https:\/\/losbeyos.com\/index.php\/wp-json\/wp\/v2\/users\/2"}],"replies":[{"embeddable":true,"href":"https:\/\/losbeyos.com\/index.php\/wp-json\/wp\/v2\/comments?post=267"}],"version-history":[{"count":10,"href":"https:\/\/losbeyos.com\/index.php\/wp-json\/wp\/v2\/pages\/267\/revisions"}],"predecessor-version":[{"id":1005,"href":"https:\/\/losbeyos.com\/index.php\/wp-json\/wp\/v2\/pages\/267\/revisions\/1005"}],"wp:attachment":[{"href":"https:\/\/losbeyos.com\/index.php\/wp-json\/wp\/v2\/media?parent=267"}],"curies":[{"name":"wp","href":"https:\/\/api.w.org\/{rel}","templated":true}]}}