{"id":128,"date":"2025-05-19T11:02:17","date_gmt":"2025-05-19T11:02:17","guid":{"rendered":"https:\/\/losbeyos.com\/?page_id=128"},"modified":"2025-08-16T11:42:26","modified_gmt":"2025-08-16T11:42:26","slug":"pisar-y-nombrar-los-beyos-del-sella","status":"publish","type":"page","link":"https:\/\/losbeyos.com\/index.php\/pisar-y-nombrar-los-beyos-del-sella\/","title":{"rendered":"Pisar y Nombrar Los Beyos del Sella"},"content":{"rendered":"[et_pb_section fb_built=\u00bb1&#8243; admin_label=\u00bbHeader\u00bb _builder_version=\u00bb4.20.0&#8243; _module_preset=\u00bbdefault\u00bb collapsed=\u00bbon\u00bb global_colors_info=\u00bb{}\u00bb][et_pb_row _builder_version=\u00bb4.20.0&#8243; _module_preset=\u00bbdefault\u00bb global_colors_info=\u00bb{}\u00bb][et_pb_column type=\u00bb4_4&#8243; _builder_version=\u00bb4.20.0&#8243; _module_preset=\u00bbdefault\u00bb global_colors_info=\u00bb{}\u00bb][et_pb_text _builder_version=\u00bb4.20.0&#8243; _module_preset=\u00bb_initial\u00bb header_font=\u00bbCormorant Garamond|||on|||||\u00bb header_font_size=\u00bb75px\u00bb header_letter_spacing=\u00bb0.2em\u00bb header_line_height=\u00bb1.2em\u00bb header_font_size_tablet=\u00bb40px\u00bb header_font_size_phone=\u00bb24px\u00bb header_font_size_last_edited=\u00bbon|desktop\u00bb global_colors_info=\u00bb{}\u00bb]\n<h1>Pisar y nombrar los beyos del sella<\/h1>\n[\/et_pb_text][\/et_pb_column][\/et_pb_row][et_pb_row column_structure=\u00bb1_2,1_2&#8243; _builder_version=\u00bb4.20.0&#8243; _module_preset=\u00bbdefault\u00bb custom_padding=\u00bb0px||0px|||\u00bb global_colors_info=\u00bb{}\u00bb][et_pb_column type=\u00bb1_2&#8243; _builder_version=\u00bb4.20.0&#8243; _module_preset=\u00bbdefault\u00bb global_colors_info=\u00bb{}\u00bb][et_pb_text _builder_version=\u00bb4.27.4&#8243; _module_preset=\u00bb_initial\u00bb header_4_font=\u00bbInter|600||on|||||\u00bb header_4_font_size=\u00bb12px\u00bb header_4_letter_spacing=\u00bb0em\u00bb header_4_line_height=\u00bb1.4em\u00bb custom_margin=\u00bb||10px||false|false\u00bb locked=\u00bboff\u00bb global_colors_info=\u00bb{}\u00bb]\n<h4>El libro<\/h4>\n[\/et_pb_text][\/et_pb_column][et_pb_column type=\u00bb1_2&#8243; _builder_version=\u00bb4.20.0&#8243; _module_preset=\u00bbdefault\u00bb global_colors_info=\u00bb{}\u00bb][\/et_pb_column][\/et_pb_row][et_pb_row column_structure=\u00bb1_3,2_3&#8243; make_equal=\u00bbon\u00bb _builder_version=\u00bb4.20.0&#8243; _module_preset=\u00bbdefault\u00bb global_colors_info=\u00bb{}\u00bb][et_pb_column type=\u00bb1_3&#8243; _builder_version=\u00bb4.20.0&#8243; _module_preset=\u00bbdefault\u00bb global_colors_info=\u00bb{}\u00bb][et_pb_image src=\u00bbhttps:\/\/losbeyos.com\/wp-content\/uploads\/2025\/05\/Pisar-y-Nombrar-portada.jpeg\u00bb title_text=\u00bbPisar y Nombrar, portada\u00bb show_in_lightbox=\u00bbon\u00bb use_overlay=\u00bbon\u00bb overlay_icon_color=\u00bb#000000&#8243; hover_overlay_color=\u00bbRGBA(255,255,255,0)\u00bb hover_icon=\u00bb&#xf00e;||fa||900&#8243; _builder_version=\u00bb4.27.4&#8243; _module_preset=\u00bbdefault\u00bb background_color=\u00bbrgba(0,0,0,0.04)\u00bb custom_margin=\u00bb||||false|false\u00bb hover_enabled=\u00bb0&#8243; box_shadow_style=\u00bbpreset4&#8243; box_shadow_horizontal=\u00bb0px\u00bb box_shadow_vertical=\u00bb0px\u00bb box_shadow_color=\u00bbrgba(0,0,0,0.05)\u00bb locked=\u00bboff\u00bb global_colors_info=\u00bb{}\u00bb custom_padding__hover_enabled=\u00bboff|hover\u00bb custom_padding__hover=\u00bb50px|50px|50px|50px|true|true\u00bb box_shadow_vertical__hover_enabled=\u00bboff|hover\u00bb box_shadow_blur__hover_enabled=\u00bboff|hover\u00bb box_shadow_blur__hover=\u00bb0px\u00bb box_shadow_color__hover_enabled=\u00bboff|hover\u00bb box_shadow_color__hover=\u00bbrgba(0,0,0,0.3)\u00bb custom_margin__hover_enabled=\u00bboff|hover\u00bb custom_margin__hover=\u00bb||62px||false|false\u00bb transform_styles__hover_enabled=\u00bbon|hover\u00bb transform_scale__hover_enabled=\u00bbon|hover\u00bb transform_translate__hover_enabled=\u00bbon|desktop\u00bb transform_rotate__hover_enabled=\u00bbon|desktop\u00bb transform_skew__hover_enabled=\u00bbon|desktop\u00bb transform_origin__hover_enabled=\u00bbon|desktop\u00bb transform_scale__hover=\u00bb90%|90%\u00bb box_shadow_spread__hover_enabled=\u00bbon|hover\u00bb box_shadow_spread__hover=\u00bb30px\u00bb sticky_enabled=\u00bb0&#8243;][\/et_pb_image][et_pb_blurb title=\u00bbSobre el libro\u00bb use_icon=\u00bbon\u00bb font_icon=\u00bb&#xe086;||divi||400&#8243; icon_color=\u00bb#0C71C3&#8243; _builder_version=\u00bb4.27.4&#8243; _module_preset=\u00bbdefault\u00bb hover_enabled=\u00bb0&#8243; global_colors_info=\u00bb{}\u00bb sticky_enabled=\u00bb0&#8243;]\n<ul>\n<li>Edici\u00f3n limitada de 100 ejemplares<\/li>\n<li>17 x 24 cm<\/li>\n<li>500 p\u00e1ginas<\/li>\n<li>C\u00f3digo QR interno con acceso a galer\u00edas de im\u00e1genes y contenidos complementarios<\/li>\n<li>Agotado<\/li>\n<\/ul>\n[\/et_pb_blurb][\/et_pb_column][et_pb_column type=\u00bb2_3&#8243; _builder_version=\u00bb4.20.0&#8243; _module_preset=\u00bbdefault\u00bb global_colors_info=\u00bb{}\u00bb][et_pb_image src=\u00bbhttps:\/\/losbeyos.com\/wp-content\/uploads\/2025\/05\/capilla-tolivia-scaled-e1747661278493.jpg\u00bb title_text=\u00bbCapilla de Tolivia\u00bb show_in_lightbox=\u00bbon\u00bb use_overlay=\u00bbon\u00bb overlay_icon_color=\u00bb#000000&#8243; hover_overlay_color=\u00bbRGBA(255,255,255,0)\u00bb hover_icon=\u00bb&#xf00e;||fa||900&#8243; _builder_version=\u00bb4.27.4&#8243; _module_preset=\u00bbdefault\u00bb background_color=\u00bbrgba(0,0,0,0.04)\u00bb custom_margin=\u00bb||||false|false\u00bb box_shadow_style=\u00bbpreset4&#8243; box_shadow_horizontal=\u00bb0px\u00bb box_shadow_vertical=\u00bb0px\u00bb box_shadow_color=\u00bbrgba(0,0,0,0.05)\u00bb locked=\u00bboff\u00bb global_colors_info=\u00bb{}\u00bb custom_padding__hover_enabled=\u00bboff|hover\u00bb custom_padding__hover=\u00bb50px|50px|50px|50px|true|true\u00bb box_shadow_vertical__hover_enabled=\u00bboff|hover\u00bb box_shadow_blur__hover_enabled=\u00bboff|hover\u00bb box_shadow_blur__hover=\u00bb0px\u00bb box_shadow_color__hover_enabled=\u00bboff|hover\u00bb box_shadow_color__hover=\u00bbrgba(0,0,0,0.3)\u00bb custom_margin__hover_enabled=\u00bboff|hover\u00bb custom_margin__hover=\u00bb||62px||false|false\u00bb transform_styles__hover_enabled=\u00bbon|hover\u00bb transform_scale__hover_enabled=\u00bbon|hover\u00bb transform_translate__hover_enabled=\u00bbon|desktop\u00bb transform_rotate__hover_enabled=\u00bbon|desktop\u00bb transform_skew__hover_enabled=\u00bbon|desktop\u00bb transform_origin__hover_enabled=\u00bbon|desktop\u00bb transform_scale__hover=\u00bb90%|90%\u00bb box_shadow_spread__hover_enabled=\u00bbon|hover\u00bb box_shadow_spread__hover=\u00bb30px\u00bb][\/et_pb_image][\/et_pb_column][\/et_pb_row][et_pb_row _builder_version=\u00bb4.20.0&#8243; _module_preset=\u00bbdefault\u00bb global_colors_info=\u00bb{}\u00bb][et_pb_column type=\u00bb4_4&#8243; _builder_version=\u00bb4.20.0&#8243; _module_preset=\u00bbdefault\u00bb global_colors_info=\u00bb{}\u00bb][et_pb_text _builder_version=\u00bb4.27.4&#8243; _module_preset=\u00bb_initial\u00bb text_font_size=\u00bb16px\u00bb text_line_height=\u00bb1.8em\u00bb text_font_size_tablet=\u00bb15px\u00bb text_font_size_phone=\u00bb14px\u00bb text_font_size_last_edited=\u00bbon|desktop\u00bb global_colors_info=\u00bb{}\u00bb]\n<p><strong>Edici\u00f3n limitada a 100 ejemplares.<\/strong><br \/><span>Los Beyos de Ponga se escriben con palabras viejas, vivas y precisas. Este libro las recoge como quien recoge agua clara de una fuente antigua. El contenido de <\/span><strong>\u00abPisar y Nombrar Los Beyos del Sella\u00bb<\/strong><span> ha sido elaborado con un profundo respeto a la forma de leer el territorio con los ojos de quienes lo habitaron. Geograf\u00eda, top\u00f3nimos y usos del suelo se unen en una obra de inter\u00e9s para quienes buscan conocer a fondo el territorio de una cultura irrepetible.<\/span><\/p>\n[\/et_pb_text][\/et_pb_column][\/et_pb_row][\/et_pb_section][et_pb_section fb_built=\u00bb1&#8243; admin_label=\u00bbFooter\u00bb _builder_version=\u00bb4.27.4&#8243; _module_preset=\u00bbdefault\u00bb background_color=\u00bb#000000&#8243; saved_tabs=\u00bball\u00bb collapsed=\u00bbon\u00bb global_colors_info=\u00bb{}\u00bb][et_pb_row _builder_version=\u00bb4.20.0&#8243; _module_preset=\u00bbdefault\u00bb global_colors_info=\u00bb{}\u00bb][et_pb_column type=\u00bb4_4&#8243; _builder_version=\u00bb4.20.0&#8243; _module_preset=\u00bbdefault\u00bb global_colors_info=\u00bb{}\u00bb][et_pb_text module_id=\u00bbPedirLibro2&#8243; _builder_version=\u00bb4.27.4&#8243; _module_preset=\u00bb_initial\u00bb text_text_color=\u00bb#FFFFFF\u00bb header_2_font=\u00bbCormorant Garamond|||on|||||\u00bb header_2_text_color=\u00bb#FFFFFF\u00bb header_2_font_size=\u00bb75px\u00bb header_2_letter_spacing=\u00bb0.2em\u00bb header_2_line_height=\u00bb1.2em\u00bb text_orientation=\u00bbcenter\u00bb header_2_font_size_tablet=\u00bb40px\u00bb header_2_font_size_phone=\u00bb24px\u00bb header_2_font_size_last_edited=\u00bbon|desktop\u00bb global_colors_info=\u00bb{}\u00bb]\n<h2>Reservar ejemplar<\/h2>\n<p>( Libro en imprenta )<\/p>\n[\/et_pb_text][et_pb_contact_form success_message=\u00bbMuchas gracias. En breve nos podremos en contacto con usted.\u00bb _builder_version=\u00bb4.27.4&#8243; _module_preset=\u00bb_initial\u00bb _unique_id=\u00bb3b9ff40e-5f34-4f1e-8605-88cf2b55a7ef\u00bb form_field_background_color=\u00bbRGBA(255,255,255,0)\u00bb form_field_text_color=\u00bb#FFFFFF\u00bb form_field_focus_text_color=\u00bb#FFFFFF\u00bb form_field_custom_padding=\u00bb|0px||0px|false|true\u00bb captcha_text_color=\u00bb#FFFFFF\u00bb form_field_font=\u00bbCormorant Garamond|700||on|||||\u00bb form_field_letter_spacing=\u00bb0.2em\u00bb custom_button=\u00bbon\u00bb button_text_size=\u00bb14px\u00bb button_text_color=\u00bb#000000&#8243; button_bg_color=\u00bb#FFFFFF\u00bb button_border_width=\u00bb0px\u00bb button_border_radius=\u00bb0px\u00bb button_letter_spacing=\u00bb0.2em\u00bb button_font=\u00bbCormorant Garamond|700||on|||||\u00bb button_custom_padding=\u00bb16px|24px|16px|24px|true|true\u00bb max_width=\u00bb700px\u00bb module_alignment=\u00bbcenter\u00bb border_color_all=\u00bb#FFFFFF\u00bb border_width_bottom=\u00bb2px\u00bb locked=\u00bboff\u00bb global_colors_info=\u00bb{}\u00bb][et_pb_contact_field field_id=\u00bbName\u00bb field_title=\u00bbNombre*\u00bb fullwidth_field=\u00bbon\u00bb _builder_version=\u00bb4.27.4&#8243; _module_preset=\u00bbdefault\u00bb global_colors_info=\u00bb{}\u00bb button_text_size__hover_enabled=\u00bboff\u00bb button_one_text_size__hover_enabled=\u00bboff\u00bb button_two_text_size__hover_enabled=\u00bboff\u00bb button_text_color__hover_enabled=\u00bboff\u00bb button_one_text_color__hover_enabled=\u00bboff\u00bb button_two_text_color__hover_enabled=\u00bboff\u00bb button_border_width__hover_enabled=\u00bboff\u00bb button_one_border_width__hover_enabled=\u00bboff\u00bb button_two_border_width__hover_enabled=\u00bboff\u00bb button_border_color__hover_enabled=\u00bboff\u00bb button_one_border_color__hover_enabled=\u00bboff\u00bb button_two_border_color__hover_enabled=\u00bboff\u00bb button_border_radius__hover_enabled=\u00bboff\u00bb button_one_border_radius__hover_enabled=\u00bboff\u00bb button_two_border_radius__hover_enabled=\u00bboff\u00bb button_letter_spacing__hover_enabled=\u00bboff\u00bb button_one_letter_spacing__hover_enabled=\u00bboff\u00bb button_two_letter_spacing__hover_enabled=\u00bboff\u00bb button_bg_color__hover_enabled=\u00bboff\u00bb button_one_bg_color__hover_enabled=\u00bboff\u00bb button_two_bg_color__hover_enabled=\u00bboff\u00bb][\/et_pb_contact_field][et_pb_contact_field field_id=\u00bbEmail\u00bb field_title=\u00bbCorreo electr\u00f3nico*\u00bb field_type=\u00bbemail\u00bb fullwidth_field=\u00bbon\u00bb _builder_version=\u00bb4.27.4&#8243; _module_preset=\u00bbdefault\u00bb global_colors_info=\u00bb{}\u00bb button_text_size__hover_enabled=\u00bboff\u00bb button_one_text_size__hover_enabled=\u00bboff\u00bb button_two_text_size__hover_enabled=\u00bboff\u00bb button_text_color__hover_enabled=\u00bboff\u00bb button_one_text_color__hover_enabled=\u00bboff\u00bb button_two_text_color__hover_enabled=\u00bboff\u00bb button_border_width__hover_enabled=\u00bboff\u00bb button_one_border_width__hover_enabled=\u00bboff\u00bb button_two_border_width__hover_enabled=\u00bboff\u00bb button_border_color__hover_enabled=\u00bboff\u00bb button_one_border_color__hover_enabled=\u00bboff\u00bb button_two_border_color__hover_enabled=\u00bboff\u00bb button_border_radius__hover_enabled=\u00bboff\u00bb button_one_border_radius__hover_enabled=\u00bboff\u00bb button_two_border_radius__hover_enabled=\u00bboff\u00bb button_letter_spacing__hover_enabled=\u00bboff\u00bb button_one_letter_spacing__hover_enabled=\u00bboff\u00bb button_two_letter_spacing__hover_enabled=\u00bboff\u00bb button_bg_color__hover_enabled=\u00bboff\u00bb button_one_bg_color__hover_enabled=\u00bboff\u00bb button_two_bg_color__hover_enabled=\u00bboff\u00bb][\/et_pb_contact_field][et_pb_contact_field field_id=\u00bbMessage\u00bb field_title=\u00bbConsultar o reservar un ejemplar\u00bb field_type=\u00bbtext\u00bb fullwidth_field=\u00bbon\u00bb _builder_version=\u00bb4.27.4&#8243; _module_preset=\u00bbdefault\u00bb global_colors_info=\u00bb{}\u00bb button_text_size__hover_enabled=\u00bboff\u00bb button_one_text_size__hover_enabled=\u00bboff\u00bb button_two_text_size__hover_enabled=\u00bboff\u00bb button_text_color__hover_enabled=\u00bboff\u00bb button_one_text_color__hover_enabled=\u00bboff\u00bb button_two_text_color__hover_enabled=\u00bboff\u00bb button_border_width__hover_enabled=\u00bboff\u00bb button_one_border_width__hover_enabled=\u00bboff\u00bb button_two_border_width__hover_enabled=\u00bboff\u00bb button_border_color__hover_enabled=\u00bboff\u00bb button_one_border_color__hover_enabled=\u00bboff\u00bb button_two_border_color__hover_enabled=\u00bboff\u00bb button_border_radius__hover_enabled=\u00bboff\u00bb button_one_border_radius__hover_enabled=\u00bboff\u00bb button_two_border_radius__hover_enabled=\u00bboff\u00bb button_letter_spacing__hover_enabled=\u00bboff\u00bb button_one_letter_spacing__hover_enabled=\u00bboff\u00bb button_two_letter_spacing__hover_enabled=\u00bboff\u00bb button_bg_color__hover_enabled=\u00bboff\u00bb button_one_bg_color__hover_enabled=\u00bboff\u00bb button_two_bg_color__hover_enabled=\u00bboff\u00bb][\/et_pb_contact_field][et_pb_contact_field field_id=\u00bbPhone\u00bb field_title=\u00bbTu tel\u00e9fono (opcional)\u00bb fullwidth_field=\u00bbon\u00bb _builder_version=\u00bb4.27.4&#8243; _module_preset=\u00bbdefault\u00bb global_colors_info=\u00bb{}\u00bb][\/et_pb_contact_field][\/et_pb_contact_form][\/et_pb_column][\/et_pb_row][et_pb_row column_structure=\u00bb1_3,1_3,1_3&#8243; _builder_version=\u00bb4.20.0&#8243; _module_preset=\u00bbdefault\u00bb border_color_all=\u00bbgcid-e6f8585f-043d-4f05-ad96-fb05b9e45208&#8243; border_width_top=\u00bb1px\u00bb global_colors_info=\u00bb{%22gcid-e6f8585f-043d-4f05-ad96-fb05b9e45208%22:%91%22border_color_all%22%93}\u00bb][et_pb_column type=\u00bb1_3&#8243; _builder_version=\u00bb4.20.0&#8243; _module_preset=\u00bbdefault\u00bb global_colors_info=\u00bb{}\u00bb][et_pb_text _builder_version=\u00bb4.27.4&#8243; _module_preset=\u00bb_initial\u00bb header_5_font=\u00bbCormorant Garamond|700||on|||||\u00bb header_5_text_color=\u00bb#FFFFFF\u00bb header_5_font_size=\u00bb18px\u00bb header_5_letter_spacing=\u00bb0.3em\u00bb header_5_line_height=\u00bb1.4em\u00bb custom_margin=\u00bb||0px||false|false\u00bb header_5_font_size_tablet=\u00bb16px\u00bb header_5_font_size_phone=\u00bb14px\u00bb header_5_font_size_last_edited=\u00bbon|desktop\u00bb text_orientation_tablet=\u00bbcenter\u00bb text_orientation_phone=\u00bb\u00bb text_orientation_last_edited=\u00bbon|tablet\u00bb global_colors_info=\u00bb{}\u00bb]\n<h5>Cangas de On\u00eds<\/h5>\n[\/et_pb_text][et_pb_text _builder_version=\u00bb4.27.4&#8243; _module_preset=\u00bb_initial\u00bb text_text_color=\u00bb#FFFFFF\u00bb text_font_size=\u00bb16px\u00bb text_line_height=\u00bb1.8em\u00bb link_text_color=\u00bbgcid-e6f8585f-043d-4f05-ad96-fb05b9e45208&#8243; text_font_size_tablet=\u00bb15px\u00bb text_font_size_phone=\u00bb14px\u00bb text_font_size_last_edited=\u00bbon|desktop\u00bb text_orientation_tablet=\u00bbcenter\u00bb text_orientation_phone=\u00bb\u00bb text_orientation_last_edited=\u00bbon|tablet\u00bb global_colors_info=\u00bb{%22gcid-e6f8585f-043d-4f05-ad96-fb05b9e45208%22:%91%22link_text_color%22%93}\u00bb]\n<p>Asturias<\/p>\n[\/et_pb_text][\/et_pb_column][et_pb_column type=\u00bb1_3&#8243; _builder_version=\u00bb4.20.0&#8243; _module_preset=\u00bbdefault\u00bb global_colors_info=\u00bb{}\u00bb][et_pb_text _builder_version=\u00bb4.27.4&#8243; _module_preset=\u00bb_initial\u00bb header_5_font=\u00bbCormorant Garamond|700||on|||||\u00bb header_5_text_color=\u00bb#FFFFFF\u00bb header_5_font_size=\u00bb18px\u00bb header_5_letter_spacing=\u00bb0.3em\u00bb header_5_line_height=\u00bb1.4em\u00bb text_orientation=\u00bbcenter\u00bb custom_margin=\u00bb||0px||false|false\u00bb header_5_font_size_tablet=\u00bb16px\u00bb header_5_font_size_phone=\u00bb14px\u00bb header_5_font_size_last_edited=\u00bbon|desktop\u00bb global_colors_info=\u00bb{}\u00bb]\n<h5>Telefono<\/h5>\n[\/et_pb_text][et_pb_text _builder_version=\u00bb4.27.4&#8243; _module_preset=\u00bb_initial\u00bb text_text_color=\u00bb#FFFFFF\u00bb text_font_size=\u00bb16px\u00bb text_line_height=\u00bb1.8em\u00bb link_text_color=\u00bbgcid-e6f8585f-043d-4f05-ad96-fb05b9e45208&#8243; text_orientation=\u00bbcenter\u00bb text_font_size_tablet=\u00bb15px\u00bb text_font_size_phone=\u00bb14px\u00bb text_font_size_last_edited=\u00bbon|desktop\u00bb global_colors_info=\u00bb{%22gcid-e6f8585f-043d-4f05-ad96-fb05b9e45208%22:%91%22link_text_color%22%93}\u00bb]\n<p>+34 684 63 88 38<\/p>\n[\/et_pb_text][\/et_pb_column][et_pb_column type=\u00bb1_3&#8243; _builder_version=\u00bb4.20.0&#8243; _module_preset=\u00bbdefault\u00bb global_colors_info=\u00bb{}\u00bb][et_pb_text _builder_version=\u00bb4.27.4&#8243; _module_preset=\u00bb_initial\u00bb text_text_color=\u00bb#FFFFFF\u00bb header_5_font=\u00bbCormorant Garamond|700||on|||||\u00bb header_5_text_color=\u00bb#FFFFFF\u00bb header_5_font_size=\u00bb18px\u00bb header_5_letter_spacing=\u00bb0.3em\u00bb header_5_line_height=\u00bb1.4em\u00bb text_orientation=\u00bbright\u00bb custom_margin=\u00bb||0px||false|false\u00bb header_5_font_size_tablet=\u00bb16px\u00bb header_5_font_size_phone=\u00bb14px\u00bb header_5_font_size_last_edited=\u00bbon|desktop\u00bb text_orientation_tablet=\u00bbcenter\u00bb text_orientation_phone=\u00bb\u00bb text_orientation_last_edited=\u00bbon|tablet\u00bb global_colors_info=\u00bb{}\u00bb]\n<h5>Email<\/h5>\n[\/et_pb_text][et_pb_text _builder_version=\u00bb4.27.4&#8243; _module_preset=\u00bb_initial\u00bb text_text_color=\u00bb#FFFFFF\u00bb text_font_size=\u00bb16px\u00bb text_line_height=\u00bb1.8em\u00bb link_text_color=\u00bbgcid-e6f8585f-043d-4f05-ad96-fb05b9e45208&#8243; text_orientation=\u00bbright\u00bb text_font_size_tablet=\u00bb15px\u00bb text_font_size_phone=\u00bb14px\u00bb text_font_size_last_edited=\u00bbon|desktop\u00bb text_orientation_tablet=\u00bbcenter\u00bb text_orientation_phone=\u00bb\u00bb text_orientation_last_edited=\u00bbon|tablet\u00bb global_colors_info=\u00bb{%22gcid-e6f8585f-043d-4f05-ad96-fb05b9e45208%22:%91%22link_text_color%22%93}\u00bb]\n<p>gerardo.lg.2023@gmail.com<\/p>\n[\/et_pb_text][\/et_pb_column][\/et_pb_row][\/et_pb_section]\n","protected":false},"excerpt":{"rendered":"<p>Pisar y nombrar los beyos del sellaEl libro Edici\u00f3n limitada de 100 ejemplares 17 x 24 cm 500 p\u00e1ginas C\u00f3digo QR interno con acceso a galer\u00edas de im\u00e1genes y contenidos complementarios Agotado Edici\u00f3n limitada a 100 ejemplares.Los Beyos de Ponga se escriben con palabras viejas, vivas y precisas. Este libro las recoge como quien recoge [&hellip;]<\/p>\n","protected":false},"author":2,"featured_media":0,"parent":0,"menu_order":0,"comment_status":"closed","ping_status":"closed","template":"","meta":{"_et_pb_use_builder":"on","_et_pb_old_content":"<!-- wp:divi\/placeholder \/-->","_et_gb_content_width":"","footnotes":""},"class_list":["post-128","page","type-page","status-publish","hentry"],"_links":{"self":[{"href":"https:\/\/losbeyos.com\/index.php\/wp-json\/wp\/v2\/pages\/128","targetHints":{"allow":["GET"]}}],"collection":[{"href":"https:\/\/losbeyos.com\/index.php\/wp-json\/wp\/v2\/pages"}],"about":[{"href":"https:\/\/losbeyos.com\/index.php\/wp-json\/wp\/v2\/types\/page"}],"author":[{"embeddable":true,"href":"https:\/\/losbeyos.com\/index.php\/wp-json\/wp\/v2\/users\/2"}],"replies":[{"embeddable":true,"href":"https:\/\/losbeyos.com\/index.php\/wp-json\/wp\/v2\/comments?post=128"}],"version-history":[{"count":47,"href":"https:\/\/losbeyos.com\/index.php\/wp-json\/wp\/v2\/pages\/128\/revisions"}],"predecessor-version":[{"id":1205,"href":"https:\/\/losbeyos.com\/index.php\/wp-json\/wp\/v2\/pages\/128\/revisions\/1205"}],"wp:attachment":[{"href":"https:\/\/losbeyos.com\/index.php\/wp-json\/wp\/v2\/media?parent=128"}],"curies":[{"name":"wp","href":"https:\/\/api.w.org\/{rel}","templated":true}]}}